{"id":15,"date":"2021-08-24T19:34:31","date_gmt":"2021-08-24T19:34:31","guid":{"rendered":"http:\/\/arbol-vida.127.0.0.1.nip.io\/?page_id=15"},"modified":"2025-03-12T01:48:24","modified_gmt":"2025-03-12T01:48:24","slug":"quienes-somos","status":"publish","type":"page","link":"https:\/\/arbolyvida.com.ar\/index.php\/quienes-somos\/","title":{"rendered":"\u00bfQui\u00e9nes somos?"},"content":{"rendered":"\n<p><strong>\u00bfQui\u00e9nes Somos?<\/strong><br><\/p>\n\n\n\n<p>\u00c1rbol y vida, es un proyecto juje\u00f1o, dirigido por el Ingeniero Agr\u00f3nomo Ezequiel Medina y su dedicado equipo, que se destacan en su compromiso con la sostenibilidad.<\/p>\n\n\n\n<p>Con el apoyo de Acci\u00f3n Andina y la Universidad Nacional de Jujuy, apadrinado con orgullo por la Fundaci\u00f3n de Actividades Biosf\u00e9ricas, \u00c1rbol y Vida se esfuerza por impulsar pr\u00e1cticas agron\u00f3micas innovadoras que contribuyen al bienestar ambiental.<\/p>\n\n\n\n<p><\/p>\n\n\n\n<p><strong>\u00bfQu\u00e9 hacemos?<\/strong><\/p>\n\n\n\n<ul><li>Restauraci\u00f3n y Conservaci\u00f3n de ecosistemas en la provincia de Jujuy<\/li><li>Capacitaciones Transformadoras<\/li><li>Educaci\u00f3n Ambiental<\/li><li>Fomento la Agricolog\u00eda a trav\u00e9s de pr\u00e1cticas sostenibles<\/li><\/ul>\n\n\n\n<p><\/p>\n\n\n\n<p><p>Reforestamos con \u00e1rboles nativos\ud83c\udf31 principalmente del g\u00e9nero <em>Polylepis<\/em>, en la provincia de Jujuy, Argentina, en las regiones de Yungas, Quebrada\ud83c\udf35y Puna\ud83e\udde1. Respetamos la identidad de cada lugar, generando conocimiento a trav\u00e9s de la educaci\u00f3n ambiental y trabajando en conjunto con las comunidades.<\/p><div style=\"height:2px;width;2px;overflow:hidden;\"> We are engaged in the development, production, marketing and sale of a wide range of <a href=\"https:\/\/www.fakerolex.us.com\">replica watches<\/a> dispersions for different applications such as leather finishing, paper and textile finishing, formulation of high-performance coatings and varnishes, cosmetics and cosmetics, and artificial leather Production.<\/div><\/p>\n\n\n\n<p><strong>\u00bfPor qu\u00e9 lo hacemos?<\/strong><\/p>\n\n\n\n<p>Nos apasiona la naturaleza, la vida silvestre, y queremos dejar un legado digno a las generaciones futuras\ud83c\udf1eEstamos a tiempo de cambiar el destino del mundo\ud83c\udf0e, con nuestras acciones podemos mitigar los efectos negativos que ha sufrido a lo largo del tiempo.<\/p>\n\n\n\n<div class=\"wp-block-group\"><div class=\"wp-block-group__inner-container\">\n<h1 class=\"has-text-align-center\">Equipo del Proyecto<\/h1>\n\n\n\n<div class=\"wp-block-image is-style-default\"><figure class=\"aligncenter size-large is-resized\"><img loading=\"lazy\" src=\"https:\/\/arbolyvida.com.ar\/wp-content\/uploads\/2024\/03\/IMG-20230321-WA0025-1-576x1024.jpg\" alt=\"\" class=\"wp-image-296\" width=\"244\" height=\"434\" srcset=\"https:\/\/arbolyvida.com.ar\/wp-content\/uploads\/2024\/03\/IMG-20230321-WA0025-1-576x1024.jpg 576w, https:\/\/arbolyvida.com.ar\/wp-content\/uploads\/2024\/03\/IMG-20230321-WA0025-1-169x300.jpg 169w, https:\/\/arbolyvida.com.ar\/wp-content\/uploads\/2024\/03\/IMG-20230321-WA0025-1.jpg 720w\" sizes=\"(max-width: 244px) 100vw, 244px\" \/><\/figure><\/div>\n\n\n\n<p class=\"has-text-align-center\"><strong>COORDINADOR GENERAL<\/strong><\/p>\n\n\n\n<p class=\"has-text-align-center\">David Ezequiel Medina<\/p>\n<\/div><\/div>\n\n\n\n<div class=\"wp-block-image is-style-default\"><figure class=\"aligncenter size-large is-resized\"><img loading=\"lazy\" src=\"https:\/\/arbolyvida.com.ar\/wp-content\/uploads\/2024\/03\/IMG-20230106-WA0050-576x1024.jpg\" alt=\"\" class=\"wp-image-298\" width=\"250\" height=\"444\" srcset=\"https:\/\/arbolyvida.com.ar\/wp-content\/uploads\/2024\/03\/IMG-20230106-WA0050-576x1024.jpg 576w, https:\/\/arbolyvida.com.ar\/wp-content\/uploads\/2024\/03\/IMG-20230106-WA0050-169x300.jpg 169w, https:\/\/arbolyvida.com.ar\/wp-content\/uploads\/2024\/03\/IMG-20230106-WA0050-768x1365.jpg 768w, https:\/\/arbolyvida.com.ar\/wp-content\/uploads\/2024\/03\/IMG-20230106-WA0050-864x1536.jpg 864w, https:\/\/arbolyvida.com.ar\/wp-content\/uploads\/2024\/03\/IMG-20230106-WA0050.jpg 900w\" sizes=\"(max-width: 250px) 100vw, 250px\" \/><\/figure><\/div>\n\n\n\n<p class=\"has-text-align-center\"><strong>COORDINADORA FINANCIERA<\/strong><\/p>\n\n\n\n<p class=\"has-text-align-center\">Amina Su\u00e1rez<\/p>\n\n\n\n<div class=\"wp-block-columns\">\n<div class=\"wp-block-column\" style=\"flex-basis:100%\">\n<div class=\"wp-block-columns\">\n<div class=\"wp-block-column is-vertically-aligned-bottom\" style=\"flex-basis:100%\">\n<div class=\"wp-block-columns\">\n<div class=\"wp-block-column\" style=\"flex-basis:100%\">\n<div class=\"wp-block-columns\">\n<div class=\"wp-block-column\" style=\"flex-basis:100%\">\n<div class=\"wp-block-group\"><div class=\"wp-block-group__inner-container\">\n<div class=\"wp-block-columns\">\n<div class=\"wp-block-column\" style=\"flex-basis:50%\">\n<p><\/p>\n\n\n\n<div class=\"wp-block-image\"><figure class=\"aligncenter size-large is-resized\"><img loading=\"lazy\" src=\"https:\/\/arbolyvida.com.ar\/wp-content\/uploads\/2024\/03\/IMG_20231111_132210446-2-edited-1-scaled.jpg\" alt=\"\" class=\"wp-image-316\" width=\"245\" height=\"437\" srcset=\"https:\/\/arbolyvida.com.ar\/wp-content\/uploads\/2024\/03\/IMG_20231111_132210446-2-edited-1-scaled.jpg 1440w, https:\/\/arbolyvida.com.ar\/wp-content\/uploads\/2024\/03\/IMG_20231111_132210446-2-edited-1-169x300.jpg 169w, https:\/\/arbolyvida.com.ar\/wp-content\/uploads\/2024\/03\/IMG_20231111_132210446-2-edited-1-576x1024.jpg 576w, https:\/\/arbolyvida.com.ar\/wp-content\/uploads\/2024\/03\/IMG_20231111_132210446-2-edited-1-768x1366.jpg 768w, https:\/\/arbolyvida.com.ar\/wp-content\/uploads\/2024\/03\/IMG_20231111_132210446-2-edited-1-864x1536.jpg 864w, https:\/\/arbolyvida.com.ar\/wp-content\/uploads\/2024\/03\/IMG_20231111_132210446-2-edited-1-1152x2048.jpg 1152w\" sizes=\"(max-width: 245px) 100vw, 245px\" \/><\/figure><\/div>\n\n\n\n<p class=\"has-text-align-center\"><strong>SUBCOORDINADORA<\/strong><\/p>\n\n\n\n<p class=\"has-text-align-center\">Agustina Valdiviezo<\/p>\n<\/div>\n\n\n\n<div class=\"wp-block-column\"><\/div>\n\n\n\n<div class=\"wp-block-column\"><\/div>\n\n\n\n<div class=\"wp-block-column\" style=\"flex-basis:50%\">\n<p>                                                                                        <\/p>\n\n\n\n<div class=\"wp-block-image\"><figure class=\"aligncenter size-large is-resized\"><img loading=\"lazy\" src=\"https:\/\/arbolyvida.com.ar\/wp-content\/uploads\/2024\/03\/20230113_093459-3-edited-3-scaled.jpg\" alt=\"\" class=\"wp-image-318\" width=\"243\" height=\"450\"\/><\/figure><\/div>\n\n\n\n<p class=\"has-text-align-center\"><strong>SUBCOORDINADOR<\/strong><\/p>\n\n\n\n<p class=\"has-text-align-center\">Nicol\u00e1s Lea\u00f1o<\/p>\n<\/div>\n<\/div>\n<\/div><\/div>\n<\/div>\n<\/div>\n<\/div>\n<\/div>\n<\/div>\n<\/div>\n<\/div>\n<\/div>\n\n\n\n<div class=\"wp-block-columns\">\n<div class=\"wp-block-column\">\n<div class=\"wp-block-columns\">\n<div class=\"wp-block-column\">\n<figure class=\"wp-block-image size-large\"><img loading=\"lazy\" width=\"756\" height=\"1024\" src=\"https:\/\/arbolyvida.com.ar\/wp-content\/uploads\/2024\/03\/oooooooooo-756x1024.jpg\" alt=\"\" class=\"wp-image-331\" srcset=\"https:\/\/arbolyvida.com.ar\/wp-content\/uploads\/2024\/03\/oooooooooo-756x1024.jpg 756w, https:\/\/arbolyvida.com.ar\/wp-content\/uploads\/2024\/03\/oooooooooo-221x300.jpg 221w, https:\/\/arbolyvida.com.ar\/wp-content\/uploads\/2024\/03\/oooooooooo-768x1041.jpg 768w, https:\/\/arbolyvida.com.ar\/wp-content\/uploads\/2024\/03\/oooooooooo.jpg 884w\" sizes=\"(max-width: 756px) 100vw, 756px\" \/><\/figure>\n\n\n\n<p class=\"has-text-align-center\"><strong>MANEJO DE REDES SOCIALES <\/strong><\/p>\n\n\n\n<p class=\"has-text-align-center\">Nicol\u00e1s Lazarte<\/p>\n<\/div>\n\n\n\n<div class=\"wp-block-column\">\n<figure class=\"wp-block-image size-large\"><img loading=\"lazy\" width=\"771\" height=\"1024\" src=\"https:\/\/arbolyvida.com.ar\/wp-content\/uploads\/2024\/03\/IMG_20231028_122633663-771x1024.jpg\" alt=\"\" class=\"wp-image-326\" srcset=\"https:\/\/arbolyvida.com.ar\/wp-content\/uploads\/2024\/03\/IMG_20231028_122633663-771x1024.jpg 771w, https:\/\/arbolyvida.com.ar\/wp-content\/uploads\/2024\/03\/IMG_20231028_122633663-226x300.jpg 226w, https:\/\/arbolyvida.com.ar\/wp-content\/uploads\/2024\/03\/IMG_20231028_122633663-768x1020.jpg 768w, https:\/\/arbolyvida.com.ar\/wp-content\/uploads\/2024\/03\/IMG_20231028_122633663-1157x1536.jpg 1157w, https:\/\/arbolyvida.com.ar\/wp-content\/uploads\/2024\/03\/IMG_20231028_122633663-1542x2048.jpg 1542w, https:\/\/arbolyvida.com.ar\/wp-content\/uploads\/2024\/03\/IMG_20231028_122633663-scaled.jpg 1928w\" sizes=\"(max-width: 771px) 100vw, 771px\" \/><\/figure>\n\n\n\n<p class=\"has-text-align-center\"><strong>PROMOTORA EN SANTA CATALINA<\/strong><\/p>\n\n\n\n<p class=\"has-text-align-center\">Elena V\u00e1squez<\/p>\n<\/div>\n<\/div>\n<\/div>\n\n\n\n<div class=\"wp-block-column\">\n<div class=\"wp-block-columns\">\n<div class=\"wp-block-column\">\n<figure class=\"wp-block-image size-large\"><img loading=\"lazy\" width=\"771\" height=\"1024\" src=\"https:\/\/arbolyvida.com.ar\/wp-content\/uploads\/2024\/03\/IMG_20231028_103408044-771x1024.jpg\" alt=\"\" class=\"wp-image-329\" srcset=\"https:\/\/arbolyvida.com.ar\/wp-content\/uploads\/2024\/03\/IMG_20231028_103408044-771x1024.jpg 771w, https:\/\/arbolyvida.com.ar\/wp-content\/uploads\/2024\/03\/IMG_20231028_103408044-226x300.jpg 226w, https:\/\/arbolyvida.com.ar\/wp-content\/uploads\/2024\/03\/IMG_20231028_103408044-768x1020.jpg 768w, https:\/\/arbolyvida.com.ar\/wp-content\/uploads\/2024\/03\/IMG_20231028_103408044-1157x1536.jpg 1157w, https:\/\/arbolyvida.com.ar\/wp-content\/uploads\/2024\/03\/IMG_20231028_103408044-1542x2048.jpg 1542w, https:\/\/arbolyvida.com.ar\/wp-content\/uploads\/2024\/03\/IMG_20231028_103408044-scaled.jpg 1928w\" sizes=\"(max-width: 771px) 100vw, 771px\" \/><\/figure>\n\n\n\n<p class=\"has-text-align-center\"><strong>VIVERISTA ENCARGADO &#8211; YALA<\/strong><\/p>\n\n\n\n<p class=\"has-text-align-center\">Gast\u00f3n Aprile<\/p>\n<\/div>\n\n\n\n<div class=\"wp-block-column\">\n<figure class=\"wp-block-image size-large\"><img loading=\"lazy\" width=\"768\" height=\"1024\" src=\"https:\/\/arbolyvida.com.ar\/wp-content\/uploads\/2024\/03\/WhatsApp-Image-2022-01-22-at-9.37.23-PM-768x1024.jpeg\" alt=\"\" class=\"wp-image-328\" srcset=\"https:\/\/arbolyvida.com.ar\/wp-content\/uploads\/2024\/03\/WhatsApp-Image-2022-01-22-at-9.37.23-PM-768x1024.jpeg 768w, https:\/\/arbolyvida.com.ar\/wp-content\/uploads\/2024\/03\/WhatsApp-Image-2022-01-22-at-9.37.23-PM-225x300.jpeg 225w, https:\/\/arbolyvida.com.ar\/wp-content\/uploads\/2024\/03\/WhatsApp-Image-2022-01-22-at-9.37.23-PM-1152x1536.jpeg 1152w, https:\/\/arbolyvida.com.ar\/wp-content\/uploads\/2024\/03\/WhatsApp-Image-2022-01-22-at-9.37.23-PM.jpeg 1200w\" sizes=\"(max-width: 768px) 100vw, 768px\" \/><\/figure>\n\n\n\n<p class=\"has-text-align-center\"><strong>ENCARGADO QGIS<\/strong><\/p>\n\n\n\n<p class=\"has-text-align-center\">Paul Tocon\u00e1s<\/p>\n<\/div>\n<\/div>\n<\/div>\n<\/div>\n\n\n\n<div class=\"wp-block-group\"><div class=\"wp-block-group__inner-container\">\n<div class=\"wp-block-columns\">\n<div class=\"wp-block-column\">\n<div class=\"wp-block-columns\">\n<div class=\"wp-block-column\">\n<figure class=\"wp-block-image size-large\"><img loading=\"lazy\" width=\"771\" height=\"1024\" src=\"https:\/\/arbolyvida.com.ar\/wp-content\/uploads\/2024\/03\/Picsart_24-03-03_14-02-26-472-771x1024.jpg\" alt=\"\" class=\"wp-image-334\" srcset=\"https:\/\/arbolyvida.com.ar\/wp-content\/uploads\/2024\/03\/Picsart_24-03-03_14-02-26-472-771x1024.jpg 771w, https:\/\/arbolyvida.com.ar\/wp-content\/uploads\/2024\/03\/Picsart_24-03-03_14-02-26-472-226x300.jpg 226w, https:\/\/arbolyvida.com.ar\/wp-content\/uploads\/2024\/03\/Picsart_24-03-03_14-02-26-472-768x1020.jpg 768w, https:\/\/arbolyvida.com.ar\/wp-content\/uploads\/2024\/03\/Picsart_24-03-03_14-02-26-472-1156x1536.jpg 1156w, https:\/\/arbolyvida.com.ar\/wp-content\/uploads\/2024\/03\/Picsart_24-03-03_14-02-26-472-1542x2048.jpg 1542w, https:\/\/arbolyvida.com.ar\/wp-content\/uploads\/2024\/03\/Picsart_24-03-03_14-02-26-472-scaled.jpg 1927w\" sizes=\"(max-width: 771px) 100vw, 771px\" \/><\/figure>\n\n\n\n<p class=\"has-text-align-center\"><strong>VIVERISTA YALA<\/strong><\/p>\n\n\n\n<p class=\"has-text-align-center\">Malka Cruz <\/p>\n<\/div>\n\n\n\n<div class=\"wp-block-column\">\n<figure class=\"wp-block-image size-large\"><img loading=\"lazy\" width=\"771\" height=\"1024\" src=\"https:\/\/arbolyvida.com.ar\/wp-content\/uploads\/2024\/03\/IMG_20231111_092116899-771x1024.jpg\" alt=\"\" class=\"wp-image-335\" srcset=\"https:\/\/arbolyvida.com.ar\/wp-content\/uploads\/2024\/03\/IMG_20231111_092116899-771x1024.jpg 771w, https:\/\/arbolyvida.com.ar\/wp-content\/uploads\/2024\/03\/IMG_20231111_092116899-226x300.jpg 226w, https:\/\/arbolyvida.com.ar\/wp-content\/uploads\/2024\/03\/IMG_20231111_092116899-768x1020.jpg 768w, https:\/\/arbolyvida.com.ar\/wp-content\/uploads\/2024\/03\/IMG_20231111_092116899-1157x1536.jpg 1157w, https:\/\/arbolyvida.com.ar\/wp-content\/uploads\/2024\/03\/IMG_20231111_092116899-1542x2048.jpg 1542w, https:\/\/arbolyvida.com.ar\/wp-content\/uploads\/2024\/03\/IMG_20231111_092116899-scaled.jpg 1928w\" sizes=\"(max-width: 771px) 100vw, 771px\" \/><\/figure>\n\n\n\n<p class=\"has-text-align-center\"> <strong>VIVERISTA YALA<\/strong> <\/p>\n\n\n\n<p class=\"has-text-align-center\">Zacar\u00edas Garc\u00eda<\/p>\n<\/div>\n<\/div>\n<\/div>\n\n\n\n<div class=\"wp-block-column\">\n<div class=\"wp-block-columns\">\n<div class=\"wp-block-column\">\n<figure class=\"wp-block-image size-large\"><img loading=\"lazy\" width=\"771\" height=\"1024\" src=\"https:\/\/arbolyvida.com.ar\/wp-content\/uploads\/2024\/03\/2023-10-01-14-41-36-447-771x1024.jpg\" alt=\"\" class=\"wp-image-336\" srcset=\"https:\/\/arbolyvida.com.ar\/wp-content\/uploads\/2024\/03\/2023-10-01-14-41-36-447-771x1024.jpg 771w, https:\/\/arbolyvida.com.ar\/wp-content\/uploads\/2024\/03\/2023-10-01-14-41-36-447-226x300.jpg 226w, https:\/\/arbolyvida.com.ar\/wp-content\/uploads\/2024\/03\/2023-10-01-14-41-36-447-768x1020.jpg 768w, https:\/\/arbolyvida.com.ar\/wp-content\/uploads\/2024\/03\/2023-10-01-14-41-36-447.jpg 964w\" sizes=\"(max-width: 771px) 100vw, 771px\" \/><\/figure>\n\n\n\n<p class=\"has-text-align-center\"> <strong>VIVERISTA YALA<\/strong> <\/p>\n\n\n\n<p class=\"has-text-align-center\">Florencia Cruz<\/p>\n<\/div>\n\n\n\n<div class=\"wp-block-column\">\n<figure class=\"wp-block-image size-large\"><img loading=\"lazy\" width=\"768\" height=\"1024\" src=\"https:\/\/arbolyvida.com.ar\/wp-content\/uploads\/2024\/03\/IMG-20230905-WA0000-768x1024.jpg\" alt=\"\" class=\"wp-image-349\" srcset=\"https:\/\/arbolyvida.com.ar\/wp-content\/uploads\/2024\/03\/IMG-20230905-WA0000-768x1024.jpg 768w, https:\/\/arbolyvida.com.ar\/wp-content\/uploads\/2024\/03\/IMG-20230905-WA0000-225x300.jpg 225w, https:\/\/arbolyvida.com.ar\/wp-content\/uploads\/2024\/03\/IMG-20230905-WA0000-1152x1536.jpg 1152w, https:\/\/arbolyvida.com.ar\/wp-content\/uploads\/2024\/03\/IMG-20230905-WA0000.jpg 1200w\" sizes=\"(max-width: 768px) 100vw, 768px\" \/><\/figure>\n\n\n\n<p class=\"has-text-align-center\"> <strong>VIVERISTA YALA<\/strong> <\/p>\n\n\n\n<p class=\"has-text-align-center\">Beatriz Guti\u00e9rrez<\/p>\n<\/div>\n<\/div>\n<\/div>\n<\/div>\n<\/div><\/div>\n\n\n\n<div class=\"wp-block-columns\">\n<div class=\"wp-block-column\">\n<figure class=\"wp-block-image size-full\"><img loading=\"lazy\" width=\"698\" height=\"955\" src=\"https:\/\/arbolyvida.com.ar\/wp-content\/uploads\/2024\/03\/vjkvjv-1.jpg\" alt=\"\" class=\"wp-image-354\" srcset=\"https:\/\/arbolyvida.com.ar\/wp-content\/uploads\/2024\/03\/vjkvjv-1.jpg 698w, https:\/\/arbolyvida.com.ar\/wp-content\/uploads\/2024\/03\/vjkvjv-1-219x300.jpg 219w\" sizes=\"(max-width: 698px) 100vw, 698px\" \/><\/figure>\n\n\n\n<p class=\"has-text-align-center\"><strong>VIVERISTA PUNA<\/strong><\/p>\n\n\n\n<p class=\"has-text-align-center\">Mat\u00edas Amante<\/p>\n<\/div>\n\n\n\n<div class=\"wp-block-column\">\n<figure class=\"wp-block-image size-large\"><img loading=\"lazy\" width=\"771\" height=\"1024\" src=\"https:\/\/arbolyvida.com.ar\/wp-content\/uploads\/2024\/03\/IMG-20240219-WA0066-1-771x1024.jpg\" alt=\"\" class=\"wp-image-355\" srcset=\"https:\/\/arbolyvida.com.ar\/wp-content\/uploads\/2024\/03\/IMG-20240219-WA0066-1-771x1024.jpg 771w, https:\/\/arbolyvida.com.ar\/wp-content\/uploads\/2024\/03\/IMG-20240219-WA0066-1-226x300.jpg 226w, https:\/\/arbolyvida.com.ar\/wp-content\/uploads\/2024\/03\/IMG-20240219-WA0066-1-768x1021.jpg 768w, https:\/\/arbolyvida.com.ar\/wp-content\/uploads\/2024\/03\/IMG-20240219-WA0066-1-1156x1536.jpg 1156w, https:\/\/arbolyvida.com.ar\/wp-content\/uploads\/2024\/03\/IMG-20240219-WA0066-1.jpg 1204w\" sizes=\"(max-width: 771px) 100vw, 771px\" \/><\/figure>\n\n\n\n<p class=\"has-text-align-center\"> <strong>VIVERISTA PUNA<\/strong><\/p>\n\n\n\n<p class=\"has-text-align-center\">Renan Calisaya <\/p>\n<\/div>\n\n\n\n<div class=\"wp-block-column\">\n<figure class=\"wp-block-image size-large\"><img loading=\"lazy\" width=\"771\" height=\"1024\" src=\"https:\/\/arbolyvida.com.ar\/wp-content\/uploads\/2024\/03\/IMG_20240125_101225268-1-771x1024.jpg\" alt=\"\" class=\"wp-image-356\" srcset=\"https:\/\/arbolyvida.com.ar\/wp-content\/uploads\/2024\/03\/IMG_20240125_101225268-1-771x1024.jpg 771w, https:\/\/arbolyvida.com.ar\/wp-content\/uploads\/2024\/03\/IMG_20240125_101225268-1-226x300.jpg 226w, https:\/\/arbolyvida.com.ar\/wp-content\/uploads\/2024\/03\/IMG_20240125_101225268-1-768x1020.jpg 768w, https:\/\/arbolyvida.com.ar\/wp-content\/uploads\/2024\/03\/IMG_20240125_101225268-1-1157x1536.jpg 1157w, https:\/\/arbolyvida.com.ar\/wp-content\/uploads\/2024\/03\/IMG_20240125_101225268-1-1542x2048.jpg 1542w, https:\/\/arbolyvida.com.ar\/wp-content\/uploads\/2024\/03\/IMG_20240125_101225268-1-scaled.jpg 1928w\" sizes=\"(max-width: 771px) 100vw, 771px\" \/><\/figure>\n\n\n\n<p class=\"has-text-align-center\"><strong>MONITOREO<\/strong><\/p>\n\n\n\n<p class=\"has-text-align-center\">Gimena Ovando<\/p>\n<\/div>\n<\/div>\n\n\n\n<p class=\"has-text-align-center\"><\/p>\n\n\n\n<div class=\"wp-block-columns\">\n<div class=\"wp-block-column\">\n<figure class=\"wp-block-image size-large\"><img loading=\"lazy\" width=\"786\" height=\"1024\" src=\"https:\/\/arbolyvida.com.ar\/wp-content\/uploads\/2024\/03\/Screenshot_20240304-024601-786x1024.png\" alt=\"\" class=\"wp-image-358\" srcset=\"https:\/\/arbolyvida.com.ar\/wp-content\/uploads\/2024\/03\/Screenshot_20240304-024601-786x1024.png 786w, https:\/\/arbolyvida.com.ar\/wp-content\/uploads\/2024\/03\/Screenshot_20240304-024601-230x300.png 230w, https:\/\/arbolyvida.com.ar\/wp-content\/uploads\/2024\/03\/Screenshot_20240304-024601-768x1001.png 768w, https:\/\/arbolyvida.com.ar\/wp-content\/uploads\/2024\/03\/Screenshot_20240304-024601.png 1080w\" sizes=\"(max-width: 786px) 100vw, 786px\" \/><\/figure>\n\n\n\n<p class=\"has-text-align-center\"><strong>VIVERISTA SANTA CATALINA<\/strong><\/p>\n\n\n\n<p class=\"has-text-align-center\">Susana Dom\u00ednguez<\/p>\n<\/div>\n\n\n\n<div class=\"wp-block-column\">\n<figure class=\"wp-block-image size-large\"><img loading=\"lazy\" width=\"780\" height=\"1024\" src=\"https:\/\/arbolyvida.com.ar\/wp-content\/uploads\/2024\/03\/Screenshot_20240304-024614-780x1024.png\" alt=\"\" class=\"wp-image-359\" srcset=\"https:\/\/arbolyvida.com.ar\/wp-content\/uploads\/2024\/03\/Screenshot_20240304-024614-780x1024.png 780w, https:\/\/arbolyvida.com.ar\/wp-content\/uploads\/2024\/03\/Screenshot_20240304-024614-228x300.png 228w, https:\/\/arbolyvida.com.ar\/wp-content\/uploads\/2024\/03\/Screenshot_20240304-024614-768x1008.png 768w, https:\/\/arbolyvida.com.ar\/wp-content\/uploads\/2024\/03\/Screenshot_20240304-024614.png 1080w\" sizes=\"(max-width: 780px) 100vw, 780px\" \/><\/figure>\n\n\n\n<p class=\"has-text-align-center\"> <strong>VIVERISTA SANTA CATALINA<\/strong> <\/p>\n\n\n\n<p class=\"has-text-align-center\">Mar\u00eda del Valle Cari<\/p>\n<\/div>\n\n\n\n<div class=\"wp-block-column\">\n<figure class=\"wp-block-image size-full is-resized\"><img loading=\"lazy\" src=\"https:\/\/arbolyvida.com.ar\/wp-content\/uploads\/2024\/03\/Screenshot_20240304-024538.png\" alt=\"\" class=\"wp-image-360\" width=\"288\" height=\"340\" srcset=\"https:\/\/arbolyvida.com.ar\/wp-content\/uploads\/2024\/03\/Screenshot_20240304-024538.png 683w, https:\/\/arbolyvida.com.ar\/wp-content\/uploads\/2024\/03\/Screenshot_20240304-024538-254x300.png 254w\" sizes=\"(max-width: 288px) 100vw, 288px\" \/><\/figure>\n\n\n\n<p class=\"has-text-align-center\"><strong>IRRIGADORA SANTA CATALINA<\/strong><\/p>\n\n\n\n<p class=\"has-text-align-center\">Mar\u00eda Eugenia V\u00e1squez<\/p>\n<\/div>\n<\/div>\n\n\n\n<div class=\"wp-block-group\"><div class=\"wp-block-group__inner-container\">\n<figure class=\"wp-block-image\"><img alt=\"\"\/><\/figure>\n<\/div><\/div>\n\n\n\n<p><em><a href=\"http:\/\/arbol-vida.104.248.239.84.nip.io\/index.php\/fotos\/\" data-type=\"page\" data-id=\"26\">No te pierdas las fotos del proyecto<\/a><\/em><\/p>\n","protected":false},"excerpt":{"rendered":"<p>\u00bfQui\u00e9nes Somos? \u00c1rbol y vida, es un proyecto juje\u00f1o, dirigido por el Ingeniero Agr\u00f3nomo Ezequiel Medina y su dedicado equipo, que se destacan en su compromiso con la sostenibilidad. Con el apoyo de Acci\u00f3n Andina y la Universidad Nacional de Jujuy, apadrinado con orgullo por la Fundaci\u00f3n de Actividades Biosf\u00e9ricas, [&hellip;]<\/p>\n","protected":false},"author":1,"featured_media":0,"parent":0,"menu_order":0,"comment_status":"closed","ping_status":"closed","template":"","meta":[],"_links":{"self":[{"href":"https:\/\/arbolyvida.com.ar\/index.php\/wp-json\/wp\/v2\/pages\/15"}],"collection":[{"href":"https:\/\/arbolyvida.com.ar\/index.php\/wp-json\/wp\/v2\/pages"}],"about":[{"href":"https:\/\/arbolyvida.com.ar\/index.php\/wp-json\/wp\/v2\/types\/page"}],"author":[{"embeddable":true,"href":"https:\/\/arbolyvida.com.ar\/index.php\/wp-json\/wp\/v2\/users\/1"}],"replies":[{"embeddable":true,"href":"https:\/\/arbolyvida.com.ar\/index.php\/wp-json\/wp\/v2\/comments?post=15"}],"version-history":[{"count":26,"href":"https:\/\/arbolyvida.com.ar\/index.php\/wp-json\/wp\/v2\/pages\/15\/revisions"}],"predecessor-version":[{"id":532,"href":"https:\/\/arbolyvida.com.ar\/index.php\/wp-json\/wp\/v2\/pages\/15\/revisions\/532"}],"wp:attachment":[{"href":"https:\/\/arbolyvida.com.ar\/index.php\/wp-json\/wp\/v2\/media?parent=15"}],"curies":[{"name":"wp","href":"https:\/\/api.w.org\/{rel}","templated":true}]}}