{"id":20,"date":"2021-08-24T20:08:13","date_gmt":"2021-08-24T20:08:13","guid":{"rendered":"http:\/\/arbol-vida.127.0.0.1.nip.io\/?page_id=20"},"modified":"2025-03-12T01:50:17","modified_gmt":"2025-03-12T01:50:17","slug":"nos-apoyan","status":"publish","type":"page","link":"https:\/\/arbolyvida.com.ar\/index.php\/nos-apoyan\/","title":{"rendered":"Nos apoyan"},"content":{"rendered":"\n<p>Con el apoyo y ayuda de las organizaciones <a rel=\"noreferrer noopener\" href=\"http:\/\/accionandina.org\" data-type=\"URL\" data-id=\"accionandina.org\" target=\"_blank\">\ud835\udc68\ud835\udc84\ud835\udc84\ud835\udc8a\u00f3\ud835\udc8f \ud835\udc68\ud835\udc8f\ud835\udc85\ud835\udc8a\ud835\udc8f\ud835\udc82<\/a>, <a rel=\"noreferrer noopener\" href=\"http:\/\/www.ecoanperu.org\/aa.html\" data-type=\"URL\" data-id=\"www.ecoanperu.org\/aa.html\" target=\"_blank\">\ud835\udc6c\ud835\udc6a\ud835\udc76\ud835\udc68\ud835\udc75<\/a> \ud835\udc9a <a rel=\"noreferrer noopener\" href=\"http:\/\/globalforestgeneration.org\" data-type=\"URL\" data-id=\"globalforestgeneration.org\" target=\"_blank\">\ud835\udc6e\ud835\udc8d\ud835\udc90\ud835\udc83\ud835\udc82\ud835\udc8d \ud835\udc6d\ud835\udc90\ud835\udc93\ud835\udc86\ud835\udc94\ud835\udc95 \ud835\udc6e\ud835\udc86\ud835\udc8f\ud835\udc86\ud835\udc93\ud835\udc82\ud835\udc95\ud835\udc8a\ud835\udc90\ud835\udc8f<\/a>, nos encaminamos en el compromiso de finalizar la campa\u00f1a 2023-2024 donde se plantar\u00e1n 70.000 ejemplares de \u00e1rboles nativos, en distintos ecosistemas de nuestra provincia, fomentando as\u00ed la recuperaci\u00f3n de bosques perdidos <a href=\"https:\/\/www.scae.it\/wp-content\/\">replica Rolex<\/a>, la conservaci\u00f3n y el renacer de la biodiversidad de nuestra tierra.<\/p>\n\n\n\n<div class=\"wp-block-image\"><figure class=\"aligncenter size-large\"><img loading=\"lazy\" width=\"1024\" height=\"1019\" src=\"https:\/\/arbolyvida.com.ar\/wp-content\/uploads\/2024\/02\/867967a1-dfd8-48e2-84f1-43e099482fdb-1024x1019.jpg\" alt=\"\" class=\"wp-image-270\" srcset=\"https:\/\/arbolyvida.com.ar\/wp-content\/uploads\/2024\/02\/867967a1-dfd8-48e2-84f1-43e099482fdb-1024x1019.jpg 1024w, https:\/\/arbolyvida.com.ar\/wp-content\/uploads\/2024\/02\/867967a1-dfd8-48e2-84f1-43e099482fdb-300x300.jpg 300w, https:\/\/arbolyvida.com.ar\/wp-content\/uploads\/2024\/02\/867967a1-dfd8-48e2-84f1-43e099482fdb-150x150.jpg 150w, https:\/\/arbolyvida.com.ar\/wp-content\/uploads\/2024\/02\/867967a1-dfd8-48e2-84f1-43e099482fdb-768x764.jpg 768w, https:\/\/arbolyvida.com.ar\/wp-content\/uploads\/2024\/02\/867967a1-dfd8-48e2-84f1-43e099482fdb.jpg 1080w\" sizes=\"(max-width: 1024px) 100vw, 1024px\" \/><\/figure><\/div>\n\n\n\n<p><br>\ud83c\udf33 Desde la provincia de Jujuy, contamos con la constante colaboraci\u00f3n y compromiso de la <a rel=\"noreferrer noopener\" href=\"http:\/\/unju.edu.ar\" data-type=\"URL\" data-id=\"unju.edu.ar\" target=\"_blank\">Universidad Nacional de Jujuy<\/a>, Facultad de Ciencias Agrarias <a href=\"http:\/\/www.fca.unju.edu.ar\/\">http:\/\/www.fca.unju.edu.ar\/<\/a>, como as\u00ed tambi\u00e9n diferentes municipios y comunidades. Buscamos un compromiso con impacto social, fomentando la conciencia ambiental desde la educaci\u00f3n en todos los extremos de la provincia. <\/p>\n\n\n\n<p><\/p>\n\n\n\n<div class=\"wp-block-image\"><figure class=\"aligncenter size-large\"><img loading=\"lazy\" width=\"1024\" height=\"771\" src=\"https:\/\/arbolyvida.com.ar\/wp-content\/uploads\/2024\/02\/IMG_20231027_131817959_PORTRAIT-1024x771.jpg\" alt=\"\" class=\"wp-image-271\" srcset=\"https:\/\/arbolyvida.com.ar\/wp-content\/uploads\/2024\/02\/IMG_20231027_131817959_PORTRAIT-1024x771.jpg 1024w, https:\/\/arbolyvida.com.ar\/wp-content\/uploads\/2024\/02\/IMG_20231027_131817959_PORTRAIT-300x226.jpg 300w, https:\/\/arbolyvida.com.ar\/wp-content\/uploads\/2024\/02\/IMG_20231027_131817959_PORTRAIT-768x578.jpg 768w, https:\/\/arbolyvida.com.ar\/wp-content\/uploads\/2024\/02\/IMG_20231027_131817959_PORTRAIT-1536x1157.jpg 1536w, https:\/\/arbolyvida.com.ar\/wp-content\/uploads\/2024\/02\/IMG_20231027_131817959_PORTRAIT-2048x1542.jpg 2048w\" sizes=\"(max-width: 1024px) 100vw, 1024px\" \/><\/figure><\/div>\n\n\n\n<div class=\"wp-block-columns\">\n<div class=\"wp-block-column\">\n<figure class=\"wp-block-image size-large\"><img loading=\"lazy\" width=\"1024\" height=\"465\" src=\"https:\/\/arbolyvida.com.ar\/wp-content\/uploads\/2024\/03\/accion-andina-color-2-1024x465.png\" alt=\"\" class=\"wp-image-374\" srcset=\"https:\/\/arbolyvida.com.ar\/wp-content\/uploads\/2024\/03\/accion-andina-color-2-1024x465.png 1024w, https:\/\/arbolyvida.com.ar\/wp-content\/uploads\/2024\/03\/accion-andina-color-2-300x136.png 300w, https:\/\/arbolyvida.com.ar\/wp-content\/uploads\/2024\/03\/accion-andina-color-2-768x349.png 768w, https:\/\/arbolyvida.com.ar\/wp-content\/uploads\/2024\/03\/accion-andina-color-2-1536x698.png 1536w, https:\/\/arbolyvida.com.ar\/wp-content\/uploads\/2024\/03\/accion-andina-color-2-2048x931.png 2048w\" sizes=\"(max-width: 1024px) 100vw, 1024px\" \/><\/figure>\n<\/div>\n\n\n\n<div class=\"wp-block-column\">\n<p class=\"has-text-align-center\">con el soporte de<\/p>\n\n\n\n<div class=\"wp-block-columns\">\n<div class=\"wp-block-column\">\n<figure class=\"wp-block-image size-large\"><img loading=\"lazy\" width=\"1024\" height=\"372\" src=\"https:\/\/arbolyvida.com.ar\/wp-content\/uploads\/2024\/03\/ECOAN-color-1024x372.png\" alt=\"\" class=\"wp-image-375\" srcset=\"https:\/\/arbolyvida.com.ar\/wp-content\/uploads\/2024\/03\/ECOAN-color-1024x372.png 1024w, https:\/\/arbolyvida.com.ar\/wp-content\/uploads\/2024\/03\/ECOAN-color-300x109.png 300w, https:\/\/arbolyvida.com.ar\/wp-content\/uploads\/2024\/03\/ECOAN-color-768x279.png 768w, https:\/\/arbolyvida.com.ar\/wp-content\/uploads\/2024\/03\/ECOAN-color-1536x559.png 1536w, https:\/\/arbolyvida.com.ar\/wp-content\/uploads\/2024\/03\/ECOAN-color-2048x745.png 2048w\" sizes=\"(max-width: 1024px) 100vw, 1024px\" \/><\/figure>\n<\/div>\n\n\n\n<div class=\"wp-block-column\">\n<figure class=\"wp-block-image size-large\"><img loading=\"lazy\" width=\"1024\" height=\"342\" src=\"https:\/\/arbolyvida.com.ar\/wp-content\/uploads\/2024\/03\/GFG-color-1024x342.png\" alt=\"\" class=\"wp-image-376\" srcset=\"https:\/\/arbolyvida.com.ar\/wp-content\/uploads\/2024\/03\/GFG-color-1024x342.png 1024w, https:\/\/arbolyvida.com.ar\/wp-content\/uploads\/2024\/03\/GFG-color-300x100.png 300w, https:\/\/arbolyvida.com.ar\/wp-content\/uploads\/2024\/03\/GFG-color-768x256.png 768w, https:\/\/arbolyvida.com.ar\/wp-content\/uploads\/2024\/03\/GFG-color-1536x512.png 1536w, https:\/\/arbolyvida.com.ar\/wp-content\/uploads\/2024\/03\/GFG-color-2048x683.png 2048w\" sizes=\"(max-width: 1024px) 100vw, 1024px\" \/><\/figure>\n<\/div>\n<\/div>\n<\/div>\n\n\n\n<div class=\"wp-block-column\">\n<figure class=\"wp-block-image size-full\"><img loading=\"lazy\" width=\"319\" height=\"150\" src=\"https:\/\/arbolyvida.com.ar\/wp-content\/uploads\/2024\/03\/UNJu150.png\" alt=\"\" class=\"wp-image-414\" srcset=\"https:\/\/arbolyvida.com.ar\/wp-content\/uploads\/2024\/03\/UNJu150.png 319w, https:\/\/arbolyvida.com.ar\/wp-content\/uploads\/2024\/03\/UNJu150-300x141.png 300w\" sizes=\"(max-width: 319px) 100vw, 319px\" \/><\/figure>\n<\/div>\n<\/div>\n","protected":false},"excerpt":{"rendered":"<p>Con el apoyo y ayuda de las organizaciones \ud835\udc68\ud835\udc84\ud835\udc84\ud835\udc8a\u00f3\ud835\udc8f \ud835\udc68\ud835\udc8f\ud835\udc85\ud835\udc8a\ud835\udc8f\ud835\udc82, \ud835\udc6c\ud835\udc6a\ud835\udc76\ud835\udc68\ud835\udc75 \ud835\udc9a \ud835\udc6e\ud835\udc8d\ud835\udc90\ud835\udc83\ud835\udc82\ud835\udc8d \ud835\udc6d\ud835\udc90\ud835\udc93\ud835\udc86\ud835\udc94\ud835\udc95 \ud835\udc6e\ud835\udc86\ud835\udc8f\ud835\udc86\ud835\udc93\ud835\udc82\ud835\udc95\ud835\udc8a\ud835\udc90\ud835\udc8f, nos encaminamos en el compromiso de finalizar la campa\u00f1a 2023-2024 donde se plantar\u00e1n 70.000 ejemplares de \u00e1rboles nativos, en distintos ecosistemas de nuestra provincia, fomentando as\u00ed la recuperaci\u00f3n de bosques perdidos replica Rolex, la conservaci\u00f3n [&hellip;]<\/p>\n","protected":false},"author":1,"featured_media":0,"parent":0,"menu_order":0,"comment_status":"closed","ping_status":"closed","template":"","meta":[],"_links":{"self":[{"href":"https:\/\/arbolyvida.com.ar\/index.php\/wp-json\/wp\/v2\/pages\/20"}],"collection":[{"href":"https:\/\/arbolyvida.com.ar\/index.php\/wp-json\/wp\/v2\/pages"}],"about":[{"href":"https:\/\/arbolyvida.com.ar\/index.php\/wp-json\/wp\/v2\/types\/page"}],"author":[{"embeddable":true,"href":"https:\/\/arbolyvida.com.ar\/index.php\/wp-json\/wp\/v2\/users\/1"}],"replies":[{"embeddable":true,"href":"https:\/\/arbolyvida.com.ar\/index.php\/wp-json\/wp\/v2\/comments?post=20"}],"version-history":[{"count":9,"href":"https:\/\/arbolyvida.com.ar\/index.php\/wp-json\/wp\/v2\/pages\/20\/revisions"}],"predecessor-version":[{"id":535,"href":"https:\/\/arbolyvida.com.ar\/index.php\/wp-json\/wp\/v2\/pages\/20\/revisions\/535"}],"wp:attachment":[{"href":"https:\/\/arbolyvida.com.ar\/index.php\/wp-json\/wp\/v2\/media?parent=20"}],"curies":[{"name":"wp","href":"https:\/\/api.w.org\/{rel}","templated":true}]}}