{"id":24,"date":"2021-08-24T20:14:47","date_gmt":"2021-08-24T20:14:47","guid":{"rendered":"http:\/\/arbol-vida.127.0.0.1.nip.io\/?page_id=24"},"modified":"2025-03-12T01:49:52","modified_gmt":"2025-03-12T01:49:52","slug":"quenoa","status":"publish","type":"page","link":"https:\/\/arbolyvida.com.ar\/index.php\/quenoa\/","title":{"rendered":"Que\u00f1oa"},"content":{"rendered":"\n<p>Que\u00f1oa o queu\u00f1a, son algunos de los nombres por los que se conoce a este \u00e1rbol propio de las alturas. Su figura adulta es singular y \u00fanica. Estos bosques son admirables y llegar hasta ellos es toda una aventura.<\/p>\n\n\n\n<figure class=\"wp-block-image size-large is-resized\"><img loading=\"lazy\" src=\"https:\/\/arbolyvida.com.ar\/wp-content\/uploads\/2024\/02\/141c0624-1df0-45d2-84cf-d7e1c7c1ca64-1-1024x768.jpg\" alt=\"\" class=\"wp-image-273\" width=\"840\" height=\"630\" srcset=\"https:\/\/arbolyvida.com.ar\/wp-content\/uploads\/2024\/02\/141c0624-1df0-45d2-84cf-d7e1c7c1ca64-1-1024x768.jpg 1024w, https:\/\/arbolyvida.com.ar\/wp-content\/uploads\/2024\/02\/141c0624-1df0-45d2-84cf-d7e1c7c1ca64-1-300x225.jpg 300w, https:\/\/arbolyvida.com.ar\/wp-content\/uploads\/2024\/02\/141c0624-1df0-45d2-84cf-d7e1c7c1ca64-1-768x576.jpg 768w, https:\/\/arbolyvida.com.ar\/wp-content\/uploads\/2024\/02\/141c0624-1df0-45d2-84cf-d7e1c7c1ca64-1.jpg 1280w\" sizes=\"(max-width: 840px) 100vw, 840px\" \/><\/figure>\n\n\n\n<p>Los bosques de <em>Polylepis<\/em> ofrecen h\u00e1bitat a numerosas especies en lugares \u00e1ridos o despoblados de otras especies arb\u00f3reas, desarroll\u00e1ndose en alturas desde los 2500-5200 msnm, seg\u00fan la especie.<\/p>\n\n\n\n<p>Son parte de ecosistemas que albergan una biota \u00fanica, y ofrecen una cantidad de servicios ambientales muy importantes como ser reguladores de la escorrent\u00eda, captaci\u00f3n de agua, reducir la erosi\u00f3n de los suelos y retener sedimentos y nutrientes. Adem\u00e1s de los servicios culturales y econ\u00f3micos <a href=\"https:\/\/www.diagnostic-center.it\/rolexreplica.html\">replica Rolex<\/a> que aportan a las diferentes comunidades.<\/p>\n\n\n\n<p><br>Jujuy es la \u00fanica provincia en Argentina que posee las cinco especies de Que\u00f1oa registradas en nuestro pa\u00eds; siendo una de ellas, <em>Polylepis tarapacana<\/em>, el \u00e1rbol que crece a mayor altitud en el mundo.<\/p>\n\n\n\n<figure class=\"wp-block-image size-large\"><img loading=\"lazy\" width=\"1024\" height=\"768\" src=\"https:\/\/arbolyvida.com.ar\/wp-content\/uploads\/2024\/02\/2029a578-ddcc-4e49-a520-d9d885ef839a-1-1024x768.jpg\" alt=\"\" class=\"wp-image-275\" srcset=\"https:\/\/arbolyvida.com.ar\/wp-content\/uploads\/2024\/02\/2029a578-ddcc-4e49-a520-d9d885ef839a-1-1024x768.jpg 1024w, https:\/\/arbolyvida.com.ar\/wp-content\/uploads\/2024\/02\/2029a578-ddcc-4e49-a520-d9d885ef839a-1-300x225.jpg 300w, https:\/\/arbolyvida.com.ar\/wp-content\/uploads\/2024\/02\/2029a578-ddcc-4e49-a520-d9d885ef839a-1-768x576.jpg 768w, https:\/\/arbolyvida.com.ar\/wp-content\/uploads\/2024\/02\/2029a578-ddcc-4e49-a520-d9d885ef839a-1.jpg 1280w\" sizes=\"(max-width: 1024px) 100vw, 1024px\" \/><\/figure>\n","protected":false},"excerpt":{"rendered":"<p>Que\u00f1oa o queu\u00f1a, son algunos de los nombres por los que se conoce a este \u00e1rbol propio de las alturas. Su figura adulta es singular y \u00fanica. Estos bosques son admirables y llegar hasta ellos es toda una aventura. Los bosques de Polylepis ofrecen h\u00e1bitat a numerosas especies en lugares [&hellip;]<\/p>\n","protected":false},"author":1,"featured_media":0,"parent":0,"menu_order":0,"comment_status":"closed","ping_status":"closed","template":"","meta":[],"_links":{"self":[{"href":"https:\/\/arbolyvida.com.ar\/index.php\/wp-json\/wp\/v2\/pages\/24"}],"collection":[{"href":"https:\/\/arbolyvida.com.ar\/index.php\/wp-json\/wp\/v2\/pages"}],"about":[{"href":"https:\/\/arbolyvida.com.ar\/index.php\/wp-json\/wp\/v2\/types\/page"}],"author":[{"embeddable":true,"href":"https:\/\/arbolyvida.com.ar\/index.php\/wp-json\/wp\/v2\/users\/1"}],"replies":[{"embeddable":true,"href":"https:\/\/arbolyvida.com.ar\/index.php\/wp-json\/wp\/v2\/comments?post=24"}],"version-history":[{"count":5,"href":"https:\/\/arbolyvida.com.ar\/index.php\/wp-json\/wp\/v2\/pages\/24\/revisions"}],"predecessor-version":[{"id":534,"href":"https:\/\/arbolyvida.com.ar\/index.php\/wp-json\/wp\/v2\/pages\/24\/revisions\/534"}],"wp:attachment":[{"href":"https:\/\/arbolyvida.com.ar\/index.php\/wp-json\/wp\/v2\/media?parent=24"}],"curies":[{"name":"wp","href":"https:\/\/api.w.org\/{rel}","templated":true}]}}